{"id":39538,"date":"2025-09-12T04:31:50","date_gmt":"2025-09-12T04:31:50","guid":{"rendered":"https:\/\/saudi.smshop.fun\/product\/ea-games-global\/"},"modified":"2026-01-12T17:39:11","modified_gmt":"2026-01-12T17:39:11","slug":"ea-games-global","status":"publish","type":"product","link":"https:\/\/saudi.smshop.fun\/en\/product\/ea-games-global\/","title":{"rendered":"EA Games Global"},"content":{"rendered":"<p>Country:<br \/>\nGlobal<\/p>\n<p>Country Code:<br \/>\nGLC<\/p>\n<p>Description:<br \/>\nDiscover more great games for PC<br \/>\nNo matter what kind of PC video game you&#8217;re looking for \u2013 EA has it! Drop into an epic battle royale where legendary competitors battle for glory, fame, and fortune on the fringes of the Frontier in Apex Legends\u2122. Experience the action and authenticity of football when you hit the pitch in EA SPORTS FC. Unleash your imagination and create a world that\u2019s wholly unique in The Sims. There are tons more titles to choose from in every popular genre, from shooters to racing games and RPGs.<\/p>\n<p>Redemption Instructions:<br \/>\nPlatform : PC <\/p>\n<p>You\u2019ll need to log into your EA account via the EA App (Windows PC) to redeem and play the game.<\/p>\n<p>Terms:<br \/>\nNeed for Speed Hot Pursuit Remastered (PC) &#8211; EA App Key &#8211; GLOBAL (English, Espa\u00f1ol, Fran\u00e7ais, Japanese, Traditional Chinese)<\/p>\n<p>Battlefield 3 EA App Key GLOBAL ( Czech, Deutsch, English, Espa\u00f1ol, Fran\u00e7ais, Italiano, Japanese, korean, Polski, Traditional Chinese)<\/p>\n<p>Need for Speed Unbound (PC) &#8211; EA App Key &#8211; GLOBAL (ar_SA, English, Espanol, Fran\u00e7ais, Japanese, korean, Portugu\u00eas, Simplified Chinese, Traditional Chinese)<\/p>\n<p>Battlefield 4 | Premium Edition (PC) &#8211; EA App Key &#8211; GLOBAL (Czech, Deutsch, English, Espanol, Fran\u00e7ais, Italiano,<br \/>\nkorean, Polski, Portugues, Russia, Traditional Chinese)<\/p>\n<p>Need for Speed Heat (PC) &#8211; EA App Key &#8211; GLOBAL (ar_SA, English, Espanol, Francais, Japanese, korean, Portugues, Simplified Chinese, Traditional Chinese)<\/p>\n<p>Titanfall 2 (PC) &#8211; EA App Key &#8211; GLOBAL (Deutsch, English, Espa\u00f1ol, Espanol, Francais, Italiano, Japanese, Polski, Portugu\u00eas, Russia, Traditional Chinese) &#8211; ALL LANGUAGES INCLUDED HERE<\/p>\n<p>Battlefield 1 EA App Key GLOBAL (ar_SA, Deutsch, English, Espanol, Fran\u00e7ais, Italiano, Polski, Portugues, Russia, tr_TR, Traditional Chinese)<br \/>\nBattlefield V | Definitive Edition (PC) &#8211; EA App Key &#8211; GLOBAL (English, Espanol, Fran\u00e7ais, Portugu\u00eas)<\/p>\n<p>Anthem EA App Key GLOBAL (English, Espa\u00f1ol, Fran\u00e7ais, Portugues)<\/p>\n<p>EA Sports Madden NFL 25 (PC) &#8211; EA App Key &#8211; GLOBAL (English) &#8211; ALL LANGUAGES INCLUDED HERE<\/p>\n<p>Unravel (PC) &#8211; EA App Key &#8211; GLOBAL (English, Espa\u00f1ol, Francais) &#8211; ALL LANGUAGES INCLUDED HERE<\/p>\n<p> Unravel Two (PC) &#8211; EA App Key &#8211; GLOBAL (English, Espanol, Fran\u00e7ais)<\/p>\n<p>A Way Out EA App Key GLOBAL (English, Espa\u00f1ol, Fran\u00e7ais, Portugues)<\/p>\n<p>Star Wars Jedi: Fallen Order (PC) &#8211; EA App Key &#8211; GLOBAL (English, Espanol, Francais, Japanese, korean, Portugues, Simplified Chinese, Traditional Chinese)<\/p>\n<p>Plants vs. Zombies: Battle for Neighborville Standard Edition &#8211; EA App &#8211; Key GLOBAL (ar_SA, English, Espanol, Francais, Japanese, korean, Portugu\u00eas, Simplified Chinese, Traditional Chinese)<\/p>\n<p>Star Wars Battlefront 2 (2017) (PC) &#8211; EA App Key &#8211; GLOBAL (English, Espa\u00f1ol, Fran\u00e7ais, Portugu\u00eas)<\/p>\n<p>Alice: Madness Returns (PC) &#8211; EA App Key &#8211; GLOBAL (Deutsch, English, Espa\u00f1ol, Fran\u00e7ais, Italiano, Japanese) &#8211; ALL LANGUAGES INCLUDED HERE<\/p>\n<p>Need for Speed: Payback EA Key GLOBAL (English, Espa\u00f1ol, Fran\u00e7ais, Portugu\u00eas)<\/p>","protected":false},"excerpt":{"rendered":"<p>Country: Global Country Code: GLC Description: Discover more great games for PC No matter what kind of PC video game<\/p>","protected":false},"featured_media":39539,"comment_status":"open","ping_status":"closed","template":"","meta":[],"product_brand":[],"product_cat":[70,76],"product_tag":[],"class_list":{"0":"post-39538","1":"product","2":"type-product","3":"status-publish","4":"has-post-thumbnail","6":"product_cat-casual-gaming-apps","7":"product_cat-food-general-merchandise","9":"first","10":"instock","11":"sold-individually","12":"shipping-taxable","13":"purchasable","14":"product-type-variable"},"_links":{"self":[{"href":"https:\/\/saudi.smshop.fun\/en\/wp-json\/wp\/v2\/product\/39538","targetHints":{"allow":["GET"]}}],"collection":[{"href":"https:\/\/saudi.smshop.fun\/en\/wp-json\/wp\/v2\/product"}],"about":[{"href":"https:\/\/saudi.smshop.fun\/en\/wp-json\/wp\/v2\/types\/product"}],"replies":[{"embeddable":true,"href":"https:\/\/saudi.smshop.fun\/en\/wp-json\/wp\/v2\/comments?post=39538"}],"version-history":[{"count":1,"href":"https:\/\/saudi.smshop.fun\/en\/wp-json\/wp\/v2\/product\/39538\/revisions"}],"predecessor-version":[{"id":40060,"href":"https:\/\/saudi.smshop.fun\/en\/wp-json\/wp\/v2\/product\/39538\/revisions\/40060"}],"wp:featuredmedia":[{"embeddable":true,"href":"https:\/\/saudi.smshop.fun\/en\/wp-json\/wp\/v2\/media\/39539"}],"wp:attachment":[{"href":"https:\/\/saudi.smshop.fun\/en\/wp-json\/wp\/v2\/media?parent=39538"}],"wp:term":[{"taxonomy":"product_brand","embeddable":true,"href":"https:\/\/saudi.smshop.fun\/en\/wp-json\/wp\/v2\/product_brand?post=39538"},{"taxonomy":"product_cat","embeddable":true,"href":"https:\/\/saudi.smshop.fun\/en\/wp-json\/wp\/v2\/product_cat?post=39538"},{"taxonomy":"product_tag","embeddable":true,"href":"https:\/\/saudi.smshop.fun\/en\/wp-json\/wp\/v2\/product_tag?post=39538"}],"curies":[{"name":"wp","href":"https:\/\/api.w.org\/{rel}","templated":true}]}}